{"id":17,"date":"2023-12-15T09:38:07","date_gmt":"2023-12-15T08:38:07","guid":{"rendered":"http:\/\/buspoint.corum-it.de\/bp\/?page_id=17"},"modified":"2023-12-15T09:45:20","modified_gmt":"2023-12-15T08:45:20","slug":"impressum","status":"publish","type":"page","link":"http:\/\/buspoint.corum-it.de\/bp\/impressum\/","title":{"rendered":"Impressum"},"content":{"rendered":"\n<p><strong>Buspoint Leipzig<\/strong><\/p>\n\n\n\n<p>04 Leipzig<\/p>\n\n\n\n<p>Inhaber: Jens Liebelt<br>L\u00fcptitzer Allee 8<br>04808 Lossatal OT Zschorna<br><br>Telefon: 03425 &#8211; 923764<br><br>Internet: https:\/\/buspoint-leipzig.de<br>E-Mail: info@buspoint-leipzig.de<br><br>Ust.-IdNr.: DE 278298426<br><\/p>\n\n\n\n<hr class=\"wp-block-separator has-css-opacity\"\/>\n\n\n\n<h3 class=\"wp-block-heading\"><strong>Nutzungshinweise:<\/strong><\/h3>\n\n\n\n<p><br>Alle Fotografien und grafische Elemente auf dieser Internetseite unterliegen dem Urheberrechtsgesetzt. Ohne vorherige Absprache ist jegliche Verwendung untersagt.<br>Fotos: \u00a9 Buspoint Leipzig, \u00a9 pcundfoto.de<br><br>Buspoint Leipzig hat keinen Einfluss auf die Gestaltung und den Inhalt fremder Internetseiten und distanziert sich deshalb von allen fremden Inhalten, auch wenn auf diese externen Seiten ein Link gesetzt wurde. Diese Erkl\u00e4rung gilt f\u00fcr alle auf unserer Homepage angezeigten Links und f\u00fcr alle Inhalte der Seiten, zu denen die bei uns angemeldeten Banner und Links f\u00fchren.<br><br>Auf den Websites wiedergegebene Produktbezeichnungen und Logos sind zu Gunsten der jeweiligen Hersteller als Warenzeichen und eingetragene Warenzeichen gesch\u00fctzt.<\/p>\n\n\n\n<hr class=\"wp-block-separator has-css-opacity\"\/>\n\n\n\n<p>Webdesign: pcundfoto.de &#8211; Mathias Schneider<\/p>\n\n\n\n<figure class=\"wp-block-image\"><a href=\"https:\/\/www.pcundfoto.de\" target=\"_blank\" rel=\"noopener\"><img decoding=\"async\" src=\"https:\/\/www.pcundfoto.de\/bilder\/signatur.png\" alt=\"pcundfoto.de - Mathias Schneider\" title=\"pcundfoto.de - Mathias Schneider\"\/><\/a><\/figure>\n","protected":false},"excerpt":{"rendered":"<p>Buspoint Leipzig 04 Leipzig Inhaber: Jens LiebeltL\u00fcptitzer Allee 804808 Lossatal OT Zschorna Telefon: 03425 &#8211; 923764 Internet: https:\/\/buspoint-leipzig.deE-Mail: info@buspoint-leipzig.de Ust.-IdNr.: DE 278298426 Nutzungshinweise: Alle Fotografien und grafische Elemente auf dieser Internetseite unterliegen dem Urheberrechtsgesetzt. Ohne vorherige Absprache ist jegliche Verwendung untersagt.Fotos: \u00a9 Buspoint Leipzig, \u00a9 pcundfoto.de Buspoint Leipzig hat keinen Einfluss auf die Gestaltung und &#8230; <\/p>\n<p class=\"read-more-container\"><a title=\"Impressum\" class=\"read-more button\" href=\"http:\/\/buspoint.corum-it.de\/bp\/impressum\/#more-17\" aria-label=\"Mehr zu Impressum\">Weiterlesen &#8230;<\/a><\/p>\n","protected":false},"author":1,"featured_media":0,"parent":0,"menu_order":0,"comment_status":"closed","ping_status":"closed","template":"","meta":{"footnotes":""},"class_list":{"0":"post-17","1":"page","2":"type-page","3":"status-publish","5":"infinite-scroll-item"},"_links":{"self":[{"href":"http:\/\/buspoint.corum-it.de\/bp\/wp-json\/wp\/v2\/pages\/17","targetHints":{"allow":["GET"]}}],"collection":[{"href":"http:\/\/buspoint.corum-it.de\/bp\/wp-json\/wp\/v2\/pages"}],"about":[{"href":"http:\/\/buspoint.corum-it.de\/bp\/wp-json\/wp\/v2\/types\/page"}],"author":[{"embeddable":true,"href":"http:\/\/buspoint.corum-it.de\/bp\/wp-json\/wp\/v2\/users\/1"}],"replies":[{"embeddable":true,"href":"http:\/\/buspoint.corum-it.de\/bp\/wp-json\/wp\/v2\/comments?post=17"}],"version-history":[{"count":2,"href":"http:\/\/buspoint.corum-it.de\/bp\/wp-json\/wp\/v2\/pages\/17\/revisions"}],"predecessor-version":[{"id":26,"href":"http:\/\/buspoint.corum-it.de\/bp\/wp-json\/wp\/v2\/pages\/17\/revisions\/26"}],"wp:attachment":[{"href":"http:\/\/buspoint.corum-it.de\/bp\/wp-json\/wp\/v2\/media?parent=17"}],"curies":[{"name":"wp","href":"https:\/\/api.w.org\/{rel}","templated":true}]}}